{"id":57,"date":"2018-01-29T11:00:07","date_gmt":"2018-01-29T11:00:07","guid":{"rendered":"https:\/\/oasisenergysolutions.com\/?page_id=57"},"modified":"2024-04-11T13:47:26","modified_gmt":"2024-04-11T11:47:26","slug":"electricidad","status":"publish","type":"page","link":"https:\/\/oasisenergysolutions.com\/es\/soluciones\/electricidad\/","title":{"rendered":"Electricidad"},"content":{"rendered":"","protected":false},"excerpt":{"rendered":"","protected":false},"author":1,"featured_media":25611,"parent":33,"menu_order":0,"comment_status":"closed","ping_status":"closed","template":"","meta":{"footnotes":""},"class_list":["post-57","page","type-page","status-publish","has-post-thumbnail","hentry"],"yoast_head":"<!-- This site is optimized with the Yoast SEO plugin v25.6 - https:\/\/yoast.com\/wordpress\/plugins\/seo\/ -->\n<title>Electricidad - Oasis Energy Solutions<\/title>\n<meta name=\"description\" content=\"Realizamos todo tipo de instalaciones el\u00e9ctricas ya sean compleja o peque\u00f1as reparaciones el\u00e9ctricas, tanto en viviendas como comercios. Descubre m\u00e1s....\" \/>\n<meta name=\"robots\" content=\"index, follow, max-snippet:-1, max-image-preview:large, max-video-preview:-1\" \/>\n<link rel=\"canonical\" href=\"https:\/\/oasisenergysolutions.com\/es\/soluciones\/electricidad\/\" \/>\n<meta property=\"og:locale\" content=\"es_ES\" \/>\n<meta property=\"og:type\" content=\"article\" \/>\n<meta property=\"og:title\" content=\"Electricidad - Oasis Energy Solutions\" \/>\n<meta property=\"og:description\" content=\"Realizamos todo tipo de instalaciones el\u00e9ctricas ya sean compleja o peque\u00f1as reparaciones el\u00e9ctricas, tanto en viviendas como comercios. Descubre m\u00e1s....\" \/>\n<meta property=\"og:url\" content=\"https:\/\/oasisenergysolutions.com\/es\/soluciones\/electricidad\/\" \/>\n<meta property=\"og:site_name\" content=\"Oasis Energy Solutions\" \/>\n<meta property=\"article:publisher\" content=\"https:\/\/www.facebook.com\/OasisEnergySolutions\/\" \/>\n<meta property=\"article:modified_time\" content=\"2024-04-11T11:47:26+00:00\" \/>\n<meta property=\"og:image\" content=\"https:\/\/oasisenergysolutions.com\/wp-content\/uploads\/2018\/02\/electric-1080584_1280.jpg\" \/>\n\t<meta property=\"og:image:width\" content=\"1280\" \/>\n\t<meta property=\"og:image:height\" content=\"851\" \/>\n\t<meta property=\"og:image:type\" content=\"image\/jpeg\" \/>\n<meta name=\"twitter:card\" content=\"summary_large_image\" \/>\n<meta name=\"twitter:site\" content=\"@Oasis_Alex\" \/>\n<script type=\"application\/ld+json\" class=\"yoast-schema-graph\">{\"@context\":\"https:\/\/schema.org\",\"@graph\":[{\"@type\":\"WebPage\",\"@id\":\"https:\/\/oasisenergysolutions.com\/es\/soluciones\/electricidad\/\",\"url\":\"https:\/\/oasisenergysolutions.com\/es\/soluciones\/electricidad\/\",\"name\":\"Electricidad - Oasis Energy Solutions\",\"isPartOf\":{\"@id\":\"https:\/\/oasisenergysolutions.com\/#website\"},\"primaryImageOfPage\":{\"@id\":\"https:\/\/oasisenergysolutions.com\/es\/soluciones\/electricidad\/#primaryimage\"},\"image\":{\"@id\":\"https:\/\/oasisenergysolutions.com\/es\/soluciones\/electricidad\/#primaryimage\"},\"thumbnailUrl\":\"https:\/\/oasisenergysolutions.com\/wp-content\/uploads\/2018\/02\/electric-1080584_1280.jpg\",\"datePublished\":\"2018-01-29T11:00:07+00:00\",\"dateModified\":\"2024-04-11T11:47:26+00:00\",\"description\":\"Realizamos todo tipo de instalaciones el\u00e9ctricas ya sean compleja o peque\u00f1as reparaciones el\u00e9ctricas, tanto en viviendas como comercios. Descubre m\u00e1s....\",\"breadcrumb\":{\"@id\":\"https:\/\/oasisenergysolutions.com\/es\/soluciones\/electricidad\/#breadcrumb\"},\"inLanguage\":\"es\",\"potentialAction\":[{\"@type\":\"ReadAction\",\"target\":[\"https:\/\/oasisenergysolutions.com\/es\/soluciones\/electricidad\/\"]}]},{\"@type\":\"ImageObject\",\"inLanguage\":\"es\",\"@id\":\"https:\/\/oasisenergysolutions.com\/es\/soluciones\/electricidad\/#primaryimage\",\"url\":\"https:\/\/oasisenergysolutions.com\/wp-content\/uploads\/2018\/02\/electric-1080584_1280.jpg\",\"contentUrl\":\"https:\/\/oasisenergysolutions.com\/wp-content\/uploads\/2018\/02\/electric-1080584_1280.jpg\",\"width\":1280,\"height\":851},{\"@type\":\"BreadcrumbList\",\"@id\":\"https:\/\/oasisenergysolutions.com\/es\/soluciones\/electricidad\/#breadcrumb\",\"itemListElement\":[{\"@type\":\"ListItem\",\"position\":1,\"name\":\"Homepage\",\"item\":\"https:\/\/oasisenergysolutions.com\/es\/\"},{\"@type\":\"ListItem\",\"position\":2,\"name\":\"Soluciones\",\"item\":\"https:\/\/oasisenergysolutions.com\/es\/soluciones\/\"},{\"@type\":\"ListItem\",\"position\":3,\"name\":\"Electricidad\"}]},{\"@type\":\"WebSite\",\"@id\":\"https:\/\/oasisenergysolutions.com\/#website\",\"url\":\"https:\/\/oasisenergysolutions.com\/\",\"name\":\"Oasis Energy Solutions\",\"description\":\"Air Conditioning, Heating, Pools, Water Treatment for Marbella &amp; Costa del Sol\",\"publisher\":{\"@id\":\"https:\/\/oasisenergysolutions.com\/#organization\"},\"potentialAction\":[{\"@type\":\"SearchAction\",\"target\":{\"@type\":\"EntryPoint\",\"urlTemplate\":\"https:\/\/oasisenergysolutions.com\/?s={search_term_string}\"},\"query-input\":{\"@type\":\"PropertyValueSpecification\",\"valueRequired\":true,\"valueName\":\"search_term_string\"}}],\"inLanguage\":\"es\"},{\"@type\":\"Organization\",\"@id\":\"https:\/\/oasisenergysolutions.com\/#organization\",\"name\":\"Oasis Energy Solutions\",\"url\":\"https:\/\/oasisenergysolutions.com\/\",\"logo\":{\"@type\":\"ImageObject\",\"inLanguage\":\"es\",\"@id\":\"https:\/\/oasisenergysolutions.com\/#\/schema\/logo\/image\/\",\"url\":\"https:\/\/oasisenergysolutions.com\/wp-content\/uploads\/2018\/02\/OasisLogo2016-1.png\",\"contentUrl\":\"https:\/\/oasisenergysolutions.com\/wp-content\/uploads\/2018\/02\/OasisLogo2016-1.png\",\"width\":250,\"height\":100,\"caption\":\"Oasis Energy Solutions\"},\"image\":{\"@id\":\"https:\/\/oasisenergysolutions.com\/#\/schema\/logo\/image\/\"},\"sameAs\":[\"https:\/\/www.facebook.com\/OasisEnergySolutions\/\",\"https:\/\/x.com\/Oasis_Alex\",\"https:\/\/www.youtube.com\/channel\/UCwqZsZyseegzhC05twMbDuA\/featured\"]}]}<\/script>\n<!-- \/ Yoast SEO plugin. -->","yoast_head_json":{"title":"Electricidad - Oasis Energy Solutions","description":"Realizamos todo tipo de instalaciones el\u00e9ctricas ya sean compleja o peque\u00f1as reparaciones el\u00e9ctricas, tanto en viviendas como comercios. Descubre m\u00e1s....","robots":{"index":"index","follow":"follow","max-snippet":"max-snippet:-1","max-image-preview":"max-image-preview:large","max-video-preview":"max-video-preview:-1"},"canonical":"https:\/\/oasisenergysolutions.com\/es\/soluciones\/electricidad\/","og_locale":"es_ES","og_type":"article","og_title":"Electricidad - Oasis Energy Solutions","og_description":"Realizamos todo tipo de instalaciones el\u00e9ctricas ya sean compleja o peque\u00f1as reparaciones el\u00e9ctricas, tanto en viviendas como comercios. Descubre m\u00e1s....","og_url":"https:\/\/oasisenergysolutions.com\/es\/soluciones\/electricidad\/","og_site_name":"Oasis Energy Solutions","article_publisher":"https:\/\/www.facebook.com\/OasisEnergySolutions\/","article_modified_time":"2024-04-11T11:47:26+00:00","og_image":[{"width":1280,"height":851,"url":"https:\/\/oasisenergysolutions.com\/wp-content\/uploads\/2018\/02\/electric-1080584_1280.jpg","type":"image\/jpeg"}],"twitter_card":"summary_large_image","twitter_site":"@Oasis_Alex","schema":{"@context":"https:\/\/schema.org","@graph":[{"@type":"WebPage","@id":"https:\/\/oasisenergysolutions.com\/es\/soluciones\/electricidad\/","url":"https:\/\/oasisenergysolutions.com\/es\/soluciones\/electricidad\/","name":"Electricidad - Oasis Energy Solutions","isPartOf":{"@id":"https:\/\/oasisenergysolutions.com\/#website"},"primaryImageOfPage":{"@id":"https:\/\/oasisenergysolutions.com\/es\/soluciones\/electricidad\/#primaryimage"},"image":{"@id":"https:\/\/oasisenergysolutions.com\/es\/soluciones\/electricidad\/#primaryimage"},"thumbnailUrl":"https:\/\/oasisenergysolutions.com\/wp-content\/uploads\/2018\/02\/electric-1080584_1280.jpg","datePublished":"2018-01-29T11:00:07+00:00","dateModified":"2024-04-11T11:47:26+00:00","description":"Realizamos todo tipo de instalaciones el\u00e9ctricas ya sean compleja o peque\u00f1as reparaciones el\u00e9ctricas, tanto en viviendas como comercios. Descubre m\u00e1s....","breadcrumb":{"@id":"https:\/\/oasisenergysolutions.com\/es\/soluciones\/electricidad\/#breadcrumb"},"inLanguage":"es","potentialAction":[{"@type":"ReadAction","target":["https:\/\/oasisenergysolutions.com\/es\/soluciones\/electricidad\/"]}]},{"@type":"ImageObject","inLanguage":"es","@id":"https:\/\/oasisenergysolutions.com\/es\/soluciones\/electricidad\/#primaryimage","url":"https:\/\/oasisenergysolutions.com\/wp-content\/uploads\/2018\/02\/electric-1080584_1280.jpg","contentUrl":"https:\/\/oasisenergysolutions.com\/wp-content\/uploads\/2018\/02\/electric-1080584_1280.jpg","width":1280,"height":851},{"@type":"BreadcrumbList","@id":"https:\/\/oasisenergysolutions.com\/es\/soluciones\/electricidad\/#breadcrumb","itemListElement":[{"@type":"ListItem","position":1,"name":"Homepage","item":"https:\/\/oasisenergysolutions.com\/es\/"},{"@type":"ListItem","position":2,"name":"Soluciones","item":"https:\/\/oasisenergysolutions.com\/es\/soluciones\/"},{"@type":"ListItem","position":3,"name":"Electricidad"}]},{"@type":"WebSite","@id":"https:\/\/oasisenergysolutions.com\/#website","url":"https:\/\/oasisenergysolutions.com\/","name":"Oasis Energy Solutions","description":"Air Conditioning, Heating, Pools, Water Treatment for Marbella &amp; Costa del Sol","publisher":{"@id":"https:\/\/oasisenergysolutions.com\/#organization"},"potentialAction":[{"@type":"SearchAction","target":{"@type":"EntryPoint","urlTemplate":"https:\/\/oasisenergysolutions.com\/?s={search_term_string}"},"query-input":{"@type":"PropertyValueSpecification","valueRequired":true,"valueName":"search_term_string"}}],"inLanguage":"es"},{"@type":"Organization","@id":"https:\/\/oasisenergysolutions.com\/#organization","name":"Oasis Energy Solutions","url":"https:\/\/oasisenergysolutions.com\/","logo":{"@type":"ImageObject","inLanguage":"es","@id":"https:\/\/oasisenergysolutions.com\/#\/schema\/logo\/image\/","url":"https:\/\/oasisenergysolutions.com\/wp-content\/uploads\/2018\/02\/OasisLogo2016-1.png","contentUrl":"https:\/\/oasisenergysolutions.com\/wp-content\/uploads\/2018\/02\/OasisLogo2016-1.png","width":250,"height":100,"caption":"Oasis Energy Solutions"},"image":{"@id":"https:\/\/oasisenergysolutions.com\/#\/schema\/logo\/image\/"},"sameAs":["https:\/\/www.facebook.com\/OasisEnergySolutions\/","https:\/\/x.com\/Oasis_Alex","https:\/\/www.youtube.com\/channel\/UCwqZsZyseegzhC05twMbDuA\/featured"]}]}},"jetpack_sharing_enabled":true,"zion_builder_status":false,"_links":{"self":[{"href":"https:\/\/oasisenergysolutions.com\/es\/wp-json\/wp\/v2\/pages\/57"}],"collection":[{"href":"https:\/\/oasisenergysolutions.com\/es\/wp-json\/wp\/v2\/pages"}],"about":[{"href":"https:\/\/oasisenergysolutions.com\/es\/wp-json\/wp\/v2\/types\/page"}],"author":[{"embeddable":true,"href":"https:\/\/oasisenergysolutions.com\/es\/wp-json\/wp\/v2\/users\/1"}],"replies":[{"embeddable":true,"href":"https:\/\/oasisenergysolutions.com\/es\/wp-json\/wp\/v2\/comments?post=57"}],"version-history":[{"count":5,"href":"https:\/\/oasisenergysolutions.com\/es\/wp-json\/wp\/v2\/pages\/57\/revisions"}],"predecessor-version":[{"id":27273,"href":"https:\/\/oasisenergysolutions.com\/es\/wp-json\/wp\/v2\/pages\/57\/revisions\/27273"}],"up":[{"embeddable":true,"href":"https:\/\/oasisenergysolutions.com\/es\/wp-json\/wp\/v2\/pages\/33"}],"wp:featuredmedia":[{"embeddable":true,"href":"https:\/\/oasisenergysolutions.com\/es\/wp-json\/wp\/v2\/media\/25611"}],"wp:attachment":[{"href":"https:\/\/oasisenergysolutions.com\/es\/wp-json\/wp\/v2\/media?parent=57"}],"curies":[{"name":"wp","href":"https:\/\/api.w.org\/{rel}","templated":true}]}}