{"id":26782,"date":"2019-11-13T18:08:11","date_gmt":"2019-11-13T17:08:11","guid":{"rendered":"https:\/\/oasisenergysolutions.com\/legal-notice\/"},"modified":"2020-11-29T18:45:11","modified_gmt":"2020-11-29T17:45:11","slug":"aviso-legal","status":"publish","type":"page","link":"https:\/\/oasisenergysolutions.com\/es\/aviso-legal\/","title":{"rendered":"Aviso Legal"},"content":{"rendered":"<h1>Aviso Legal<\/h1>\n<p><span style=\"font-weight: 400;\">&#8220;En cumplimiento del Reglamento General de Protecci\u00f3n de Datos (UE) 2016\/679 del Parlamento Europeo y del Consejo de 27 de abril de 2016 y la ley org\u00e1nica 3\/2018 de 5 de diciembre de Protecci\u00f3n de Datos Personales y de Garant\u00eda de los Derechos Digitales le informamos que los datos por Vd. proporcionados ser\u00e1n objeto de tratamiento por parte de CHARMELIE, S.L. con CIF B93289833, con domicilio en SAN PEDRO ALCANTARA (MALAGA), C.P. 29670, CALLE DUBLIN No 19 POLIGONO INDUSTRIAL SAN PEDRO DE ALCANTARA , con la finalidad de prestarle el servicio solicitado y\/o contratado, realizar la facturaci\u00f3n del mismo.&nbsp;<\/span><\/p>\n<p><span style=\"font-weight: 400;\">La base legal para el tratamiento de sus datos es la ejecuci\u00f3n del servicio por usted contratado y\/o solicitado. La oferta prospectiva de productos y servicios est\u00e1 basada en el consentimiento que se le solicita, sin que en ning\u00fan caso la retirada de este consentimiento condicione la ejecuci\u00f3n del contrato.&nbsp;<\/span><\/p>\n<p><span style=\"font-weight: 400;\">Los datos proporcionados se conservar\u00e1n mientras se mantenga la relaci\u00f3n comercial o durante los a\u00f1os necesarios para cumplir con las obligaciones legales. Los datos no se ceder\u00e1n a terceros salvo en los casos en que exista una obligaci\u00f3n legal.&nbsp;<\/span><\/p>\n<p><span style=\"font-weight: 400;\">Usted tiene derecho a obtener confirmaci\u00f3n sobre si en CHARMELIE, S.L. estamos tratando sus datos personales y por tanto tiene derecho a ejercer sus derechos de acceso, rectificaci\u00f3n, limitaci\u00f3n del tratamiento, portabilidad, oposici\u00f3n al tratamiento y supresi\u00f3n de sus datos mediante escrito dirigido a la direcci\u00f3n postal arriba mencionada o electr\u00f3nica arelis@oasisenergysolutions.com, adjuntando copia del DNI en ambos casos, as\u00ed como el derecho a presentar una reclamaci\u00f3n ante la Autoridad de Control (aepd.es)\u201d.<\/span><\/p>\n","protected":false},"excerpt":{"rendered":"<p>Aviso Legal &#8220;En cumplimiento del Reglamento General de Protecci\u00f3n de Datos (UE) 2016\/679 del Parlamento Europeo y del Consejo de 27 de abril de 2016 y la ley org\u00e1nica 3\/2018 de 5 de diciembre de Protecci\u00f3n de Datos Personales y de Garant\u00eda de los Derechos Digitales le informamos que los datos por Vd. proporcionados ser\u00e1n<\/p>\n","protected":false},"author":9,"featured_media":0,"parent":0,"menu_order":0,"comment_status":"closed","ping_status":"closed","template":"","meta":{"footnotes":""},"class_list":["post-26782","page","type-page","status-publish","hentry"],"yoast_head":"<!-- This site is optimized with the Yoast SEO plugin v25.6 - https:\/\/yoast.com\/wordpress\/plugins\/seo\/ -->\n<title>Aviso Legal | Oasis Energy Solutions<\/title>\n<meta name=\"description\" content=\"Aviso Legal de Oasis Energy Solutions. Contacta con nosototros para mas informaci\u00f3n.\" \/>\n<meta name=\"robots\" content=\"index, follow, max-snippet:-1, max-image-preview:large, max-video-preview:-1\" \/>\n<link rel=\"canonical\" href=\"https:\/\/oasisenergysolutions.com\/es\/aviso-legal\/\" \/>\n<meta property=\"og:locale\" content=\"es_ES\" \/>\n<meta property=\"og:type\" content=\"article\" \/>\n<meta property=\"og:title\" content=\"Aviso Legal | Oasis Energy Solutions\" \/>\n<meta property=\"og:description\" content=\"Aviso Legal de Oasis Energy Solutions. Contacta con nosototros para mas informaci\u00f3n.\" \/>\n<meta property=\"og:url\" content=\"https:\/\/oasisenergysolutions.com\/es\/aviso-legal\/\" \/>\n<meta property=\"og:site_name\" content=\"Oasis Energy Solutions\" \/>\n<meta property=\"article:publisher\" content=\"https:\/\/www.facebook.com\/OasisEnergySolutions\/\" \/>\n<meta property=\"article:modified_time\" content=\"2020-11-29T17:45:11+00:00\" \/>\n<meta property=\"og:image\" content=\"https:\/\/oasisenergysolutions.com\/wp-content\/uploads\/2018\/02\/OasisLogo2016-1.png\" \/>\n\t<meta property=\"og:image:width\" content=\"250\" \/>\n\t<meta property=\"og:image:height\" content=\"100\" \/>\n\t<meta property=\"og:image:type\" content=\"image\/png\" \/>\n<meta name=\"twitter:card\" content=\"summary_large_image\" \/>\n<meta name=\"twitter:site\" content=\"@Oasis_Alex\" \/>\n<meta name=\"twitter:label1\" content=\"Tiempo de lectura\" \/>\n\t<meta name=\"twitter:data1\" content=\"1 minuto\" \/>\n<script type=\"application\/ld+json\" class=\"yoast-schema-graph\">{\"@context\":\"https:\/\/schema.org\",\"@graph\":[{\"@type\":\"WebPage\",\"@id\":\"https:\/\/oasisenergysolutions.com\/es\/aviso-legal\/\",\"url\":\"https:\/\/oasisenergysolutions.com\/es\/aviso-legal\/\",\"name\":\"Aviso Legal | Oasis Energy Solutions\",\"isPartOf\":{\"@id\":\"https:\/\/oasisenergysolutions.com\/#website\"},\"datePublished\":\"2019-11-13T17:08:11+00:00\",\"dateModified\":\"2020-11-29T17:45:11+00:00\",\"description\":\"Aviso Legal de Oasis Energy Solutions. Contacta con nosototros para mas informaci\u00f3n.\",\"breadcrumb\":{\"@id\":\"https:\/\/oasisenergysolutions.com\/es\/aviso-legal\/#breadcrumb\"},\"inLanguage\":\"es\",\"potentialAction\":[{\"@type\":\"ReadAction\",\"target\":[\"https:\/\/oasisenergysolutions.com\/es\/aviso-legal\/\"]}]},{\"@type\":\"BreadcrumbList\",\"@id\":\"https:\/\/oasisenergysolutions.com\/es\/aviso-legal\/#breadcrumb\",\"itemListElement\":[{\"@type\":\"ListItem\",\"position\":1,\"name\":\"Homepage\",\"item\":\"https:\/\/oasisenergysolutions.com\/es\/\"},{\"@type\":\"ListItem\",\"position\":2,\"name\":\"Aviso Legal\"}]},{\"@type\":\"WebSite\",\"@id\":\"https:\/\/oasisenergysolutions.com\/#website\",\"url\":\"https:\/\/oasisenergysolutions.com\/\",\"name\":\"Oasis Energy Solutions\",\"description\":\"Air Conditioning, Heating, Pools, Water Treatment for Marbella &amp; Costa del Sol\",\"publisher\":{\"@id\":\"https:\/\/oasisenergysolutions.com\/#organization\"},\"potentialAction\":[{\"@type\":\"SearchAction\",\"target\":{\"@type\":\"EntryPoint\",\"urlTemplate\":\"https:\/\/oasisenergysolutions.com\/?s={search_term_string}\"},\"query-input\":{\"@type\":\"PropertyValueSpecification\",\"valueRequired\":true,\"valueName\":\"search_term_string\"}}],\"inLanguage\":\"es\"},{\"@type\":\"Organization\",\"@id\":\"https:\/\/oasisenergysolutions.com\/#organization\",\"name\":\"Oasis Energy Solutions\",\"url\":\"https:\/\/oasisenergysolutions.com\/\",\"logo\":{\"@type\":\"ImageObject\",\"inLanguage\":\"es\",\"@id\":\"https:\/\/oasisenergysolutions.com\/#\/schema\/logo\/image\/\",\"url\":\"https:\/\/oasisenergysolutions.com\/wp-content\/uploads\/2018\/02\/OasisLogo2016-1.png\",\"contentUrl\":\"https:\/\/oasisenergysolutions.com\/wp-content\/uploads\/2018\/02\/OasisLogo2016-1.png\",\"width\":250,\"height\":100,\"caption\":\"Oasis Energy Solutions\"},\"image\":{\"@id\":\"https:\/\/oasisenergysolutions.com\/#\/schema\/logo\/image\/\"},\"sameAs\":[\"https:\/\/www.facebook.com\/OasisEnergySolutions\/\",\"https:\/\/x.com\/Oasis_Alex\",\"https:\/\/www.youtube.com\/channel\/UCwqZsZyseegzhC05twMbDuA\/featured\"]}]}<\/script>\n<!-- \/ Yoast SEO plugin. -->","yoast_head_json":{"title":"Aviso Legal | Oasis Energy Solutions","description":"Aviso Legal de Oasis Energy Solutions. Contacta con nosototros para mas informaci\u00f3n.","robots":{"index":"index","follow":"follow","max-snippet":"max-snippet:-1","max-image-preview":"max-image-preview:large","max-video-preview":"max-video-preview:-1"},"canonical":"https:\/\/oasisenergysolutions.com\/es\/aviso-legal\/","og_locale":"es_ES","og_type":"article","og_title":"Aviso Legal | Oasis Energy Solutions","og_description":"Aviso Legal de Oasis Energy Solutions. Contacta con nosototros para mas informaci\u00f3n.","og_url":"https:\/\/oasisenergysolutions.com\/es\/aviso-legal\/","og_site_name":"Oasis Energy Solutions","article_publisher":"https:\/\/www.facebook.com\/OasisEnergySolutions\/","article_modified_time":"2020-11-29T17:45:11+00:00","og_image":[{"width":250,"height":100,"url":"https:\/\/oasisenergysolutions.com\/wp-content\/uploads\/2018\/02\/OasisLogo2016-1.png","type":"image\/png"}],"twitter_card":"summary_large_image","twitter_site":"@Oasis_Alex","twitter_misc":{"Tiempo de lectura":"1 minuto"},"schema":{"@context":"https:\/\/schema.org","@graph":[{"@type":"WebPage","@id":"https:\/\/oasisenergysolutions.com\/es\/aviso-legal\/","url":"https:\/\/oasisenergysolutions.com\/es\/aviso-legal\/","name":"Aviso Legal | Oasis Energy Solutions","isPartOf":{"@id":"https:\/\/oasisenergysolutions.com\/#website"},"datePublished":"2019-11-13T17:08:11+00:00","dateModified":"2020-11-29T17:45:11+00:00","description":"Aviso Legal de Oasis Energy Solutions. Contacta con nosototros para mas informaci\u00f3n.","breadcrumb":{"@id":"https:\/\/oasisenergysolutions.com\/es\/aviso-legal\/#breadcrumb"},"inLanguage":"es","potentialAction":[{"@type":"ReadAction","target":["https:\/\/oasisenergysolutions.com\/es\/aviso-legal\/"]}]},{"@type":"BreadcrumbList","@id":"https:\/\/oasisenergysolutions.com\/es\/aviso-legal\/#breadcrumb","itemListElement":[{"@type":"ListItem","position":1,"name":"Homepage","item":"https:\/\/oasisenergysolutions.com\/es\/"},{"@type":"ListItem","position":2,"name":"Aviso Legal"}]},{"@type":"WebSite","@id":"https:\/\/oasisenergysolutions.com\/#website","url":"https:\/\/oasisenergysolutions.com\/","name":"Oasis Energy Solutions","description":"Air Conditioning, Heating, Pools, Water Treatment for Marbella &amp; Costa del Sol","publisher":{"@id":"https:\/\/oasisenergysolutions.com\/#organization"},"potentialAction":[{"@type":"SearchAction","target":{"@type":"EntryPoint","urlTemplate":"https:\/\/oasisenergysolutions.com\/?s={search_term_string}"},"query-input":{"@type":"PropertyValueSpecification","valueRequired":true,"valueName":"search_term_string"}}],"inLanguage":"es"},{"@type":"Organization","@id":"https:\/\/oasisenergysolutions.com\/#organization","name":"Oasis Energy Solutions","url":"https:\/\/oasisenergysolutions.com\/","logo":{"@type":"ImageObject","inLanguage":"es","@id":"https:\/\/oasisenergysolutions.com\/#\/schema\/logo\/image\/","url":"https:\/\/oasisenergysolutions.com\/wp-content\/uploads\/2018\/02\/OasisLogo2016-1.png","contentUrl":"https:\/\/oasisenergysolutions.com\/wp-content\/uploads\/2018\/02\/OasisLogo2016-1.png","width":250,"height":100,"caption":"Oasis Energy Solutions"},"image":{"@id":"https:\/\/oasisenergysolutions.com\/#\/schema\/logo\/image\/"},"sameAs":["https:\/\/www.facebook.com\/OasisEnergySolutions\/","https:\/\/x.com\/Oasis_Alex","https:\/\/www.youtube.com\/channel\/UCwqZsZyseegzhC05twMbDuA\/featured"]}]}},"jetpack_sharing_enabled":true,"zion_builder_status":false,"_links":{"self":[{"href":"https:\/\/oasisenergysolutions.com\/es\/wp-json\/wp\/v2\/pages\/26782"}],"collection":[{"href":"https:\/\/oasisenergysolutions.com\/es\/wp-json\/wp\/v2\/pages"}],"about":[{"href":"https:\/\/oasisenergysolutions.com\/es\/wp-json\/wp\/v2\/types\/page"}],"author":[{"embeddable":true,"href":"https:\/\/oasisenergysolutions.com\/es\/wp-json\/wp\/v2\/users\/9"}],"replies":[{"embeddable":true,"href":"https:\/\/oasisenergysolutions.com\/es\/wp-json\/wp\/v2\/comments?post=26782"}],"version-history":[{"count":4,"href":"https:\/\/oasisenergysolutions.com\/es\/wp-json\/wp\/v2\/pages\/26782\/revisions"}],"predecessor-version":[{"id":26966,"href":"https:\/\/oasisenergysolutions.com\/es\/wp-json\/wp\/v2\/pages\/26782\/revisions\/26966"}],"wp:attachment":[{"href":"https:\/\/oasisenergysolutions.com\/es\/wp-json\/wp\/v2\/media?parent=26782"}],"curies":[{"name":"wp","href":"https:\/\/api.w.org\/{rel}","templated":true}]}}