{"id":14,"date":"2018-01-29T10:18:31","date_gmt":"2018-01-29T10:18:31","guid":{"rendered":"https:\/\/oasisenergysolutions.com\/?page_id=14"},"modified":"2024-11-08T11:50:31","modified_gmt":"2024-11-08T10:50:31","slug":"inicio","status":"publish","type":"page","link":"https:\/\/oasisenergysolutions.com\/es\/","title":{"rendered":"Inicio"},"content":{"rendered":"","protected":false},"excerpt":{"rendered":"","protected":false},"author":1,"featured_media":0,"parent":0,"menu_order":0,"comment_status":"closed","ping_status":"closed","template":"","meta":{"footnotes":""},"class_list":["post-14","page","type-page","status-publish","hentry"],"yoast_head":"<!-- This site is optimized with the Yoast SEO plugin v25.6 - https:\/\/yoast.com\/wordpress\/plugins\/seo\/ -->\n<title>Climatizaci\u00f3n y Calefacci\u00f3n Marbella | Oasis Energy Solutions<\/title>\n<meta name=\"description\" content=\"Climatizaci\u00f3n, Calefacci\u00f3n, Fontaner\u00eda y Piscinas. Desde 2000. T\u00e9cnicos cualificados. Vea lo que podemos hacer por usted!\" \/>\n<meta name=\"robots\" content=\"index, follow, max-snippet:-1, max-image-preview:large, max-video-preview:-1\" \/>\n<link rel=\"canonical\" href=\"https:\/\/oasisenergysolutions.com\/es\/\" \/>\n<meta property=\"og:locale\" content=\"es_ES\" \/>\n<meta property=\"og:type\" content=\"article\" \/>\n<meta property=\"og:title\" content=\"Climatizaci\u00f3n y Calefacci\u00f3n Marbella | Oasis Energy Solutions\" \/>\n<meta property=\"og:description\" content=\"Climatizaci\u00f3n, Calefacci\u00f3n, Fontaner\u00eda y Piscinas. Desde 2000. T\u00e9cnicos cualificados. Vea lo que podemos hacer por usted!\" \/>\n<meta property=\"og:url\" content=\"https:\/\/oasisenergysolutions.com\/es\/\" \/>\n<meta property=\"og:site_name\" content=\"Oasis Energy Solutions\" \/>\n<meta property=\"article:publisher\" content=\"https:\/\/www.facebook.com\/OasisEnergySolutions\/\" \/>\n<meta property=\"article:modified_time\" content=\"2024-11-08T10:50:31+00:00\" \/>\n<meta property=\"og:image\" content=\"https:\/\/oasisenergysolutions.com\/wp-content\/uploads\/2018\/02\/OasisLogo2016-1.png\" \/>\n\t<meta property=\"og:image:width\" content=\"250\" \/>\n\t<meta property=\"og:image:height\" content=\"100\" \/>\n\t<meta property=\"og:image:type\" content=\"image\/png\" \/>\n<meta name=\"twitter:card\" content=\"summary_large_image\" \/>\n<meta name=\"twitter:site\" content=\"@Oasis_Alex\" \/>\n<script type=\"application\/ld+json\" class=\"yoast-schema-graph\">{\"@context\":\"https:\/\/schema.org\",\"@graph\":[{\"@type\":\"WebPage\",\"@id\":\"https:\/\/oasisenergysolutions.com\/es\/\",\"url\":\"https:\/\/oasisenergysolutions.com\/es\/\",\"name\":\"Climatizaci\u00f3n y Calefacci\u00f3n Marbella | Oasis Energy Solutions\",\"isPartOf\":{\"@id\":\"https:\/\/oasisenergysolutions.com\/#website\"},\"datePublished\":\"2018-01-29T10:18:31+00:00\",\"dateModified\":\"2024-11-08T10:50:31+00:00\",\"description\":\"Climatizaci\u00f3n, Calefacci\u00f3n, Fontaner\u00eda y Piscinas. Desde 2000. T\u00e9cnicos cualificados. Vea lo que podemos hacer por usted!\",\"breadcrumb\":{\"@id\":\"https:\/\/oasisenergysolutions.com\/es\/#breadcrumb\"},\"inLanguage\":\"es\",\"potentialAction\":[{\"@type\":\"ReadAction\",\"target\":[\"https:\/\/oasisenergysolutions.com\/es\/\"]}]},{\"@type\":\"BreadcrumbList\",\"@id\":\"https:\/\/oasisenergysolutions.com\/es\/#breadcrumb\",\"itemListElement\":[{\"@type\":\"ListItem\",\"position\":1,\"name\":\"Homepage\",\"item\":\"https:\/\/oasisenergysolutions.com\/es\/\"},{\"@type\":\"ListItem\",\"position\":2,\"name\":\"Inicio\"}]},{\"@type\":\"WebSite\",\"@id\":\"https:\/\/oasisenergysolutions.com\/#website\",\"url\":\"https:\/\/oasisenergysolutions.com\/\",\"name\":\"Oasis Energy Solutions\",\"description\":\"Air Conditioning, Heating, Pools, Water Treatment for Marbella &amp; Costa del Sol\",\"publisher\":{\"@id\":\"https:\/\/oasisenergysolutions.com\/#organization\"},\"potentialAction\":[{\"@type\":\"SearchAction\",\"target\":{\"@type\":\"EntryPoint\",\"urlTemplate\":\"https:\/\/oasisenergysolutions.com\/?s={search_term_string}\"},\"query-input\":{\"@type\":\"PropertyValueSpecification\",\"valueRequired\":true,\"valueName\":\"search_term_string\"}}],\"inLanguage\":\"es\"},{\"@type\":\"Organization\",\"@id\":\"https:\/\/oasisenergysolutions.com\/#organization\",\"name\":\"Oasis Energy Solutions\",\"url\":\"https:\/\/oasisenergysolutions.com\/\",\"logo\":{\"@type\":\"ImageObject\",\"inLanguage\":\"es\",\"@id\":\"https:\/\/oasisenergysolutions.com\/#\/schema\/logo\/image\/\",\"url\":\"https:\/\/oasisenergysolutions.com\/wp-content\/uploads\/2018\/02\/OasisLogo2016-1.png\",\"contentUrl\":\"https:\/\/oasisenergysolutions.com\/wp-content\/uploads\/2018\/02\/OasisLogo2016-1.png\",\"width\":250,\"height\":100,\"caption\":\"Oasis Energy Solutions\"},\"image\":{\"@id\":\"https:\/\/oasisenergysolutions.com\/#\/schema\/logo\/image\/\"},\"sameAs\":[\"https:\/\/www.facebook.com\/OasisEnergySolutions\/\",\"https:\/\/x.com\/Oasis_Alex\",\"https:\/\/www.youtube.com\/channel\/UCwqZsZyseegzhC05twMbDuA\/featured\"]}]}<\/script>\n<!-- \/ Yoast SEO plugin. -->","yoast_head_json":{"title":"Climatizaci\u00f3n y Calefacci\u00f3n Marbella | Oasis Energy Solutions","description":"Climatizaci\u00f3n, Calefacci\u00f3n, Fontaner\u00eda y Piscinas. Desde 2000. T\u00e9cnicos cualificados. Vea lo que podemos hacer por usted!","robots":{"index":"index","follow":"follow","max-snippet":"max-snippet:-1","max-image-preview":"max-image-preview:large","max-video-preview":"max-video-preview:-1"},"canonical":"https:\/\/oasisenergysolutions.com\/es\/","og_locale":"es_ES","og_type":"article","og_title":"Climatizaci\u00f3n y Calefacci\u00f3n Marbella | Oasis Energy Solutions","og_description":"Climatizaci\u00f3n, Calefacci\u00f3n, Fontaner\u00eda y Piscinas. Desde 2000. T\u00e9cnicos cualificados. Vea lo que podemos hacer por usted!","og_url":"https:\/\/oasisenergysolutions.com\/es\/","og_site_name":"Oasis Energy Solutions","article_publisher":"https:\/\/www.facebook.com\/OasisEnergySolutions\/","article_modified_time":"2024-11-08T10:50:31+00:00","og_image":[{"width":250,"height":100,"url":"https:\/\/oasisenergysolutions.com\/wp-content\/uploads\/2018\/02\/OasisLogo2016-1.png","type":"image\/png"}],"twitter_card":"summary_large_image","twitter_site":"@Oasis_Alex","schema":{"@context":"https:\/\/schema.org","@graph":[{"@type":"WebPage","@id":"https:\/\/oasisenergysolutions.com\/es\/","url":"https:\/\/oasisenergysolutions.com\/es\/","name":"Climatizaci\u00f3n y Calefacci\u00f3n Marbella | Oasis Energy Solutions","isPartOf":{"@id":"https:\/\/oasisenergysolutions.com\/#website"},"datePublished":"2018-01-29T10:18:31+00:00","dateModified":"2024-11-08T10:50:31+00:00","description":"Climatizaci\u00f3n, Calefacci\u00f3n, Fontaner\u00eda y Piscinas. Desde 2000. T\u00e9cnicos cualificados. Vea lo que podemos hacer por usted!","breadcrumb":{"@id":"https:\/\/oasisenergysolutions.com\/es\/#breadcrumb"},"inLanguage":"es","potentialAction":[{"@type":"ReadAction","target":["https:\/\/oasisenergysolutions.com\/es\/"]}]},{"@type":"BreadcrumbList","@id":"https:\/\/oasisenergysolutions.com\/es\/#breadcrumb","itemListElement":[{"@type":"ListItem","position":1,"name":"Homepage","item":"https:\/\/oasisenergysolutions.com\/es\/"},{"@type":"ListItem","position":2,"name":"Inicio"}]},{"@type":"WebSite","@id":"https:\/\/oasisenergysolutions.com\/#website","url":"https:\/\/oasisenergysolutions.com\/","name":"Oasis Energy Solutions","description":"Air Conditioning, Heating, Pools, Water Treatment for Marbella &amp; Costa del Sol","publisher":{"@id":"https:\/\/oasisenergysolutions.com\/#organization"},"potentialAction":[{"@type":"SearchAction","target":{"@type":"EntryPoint","urlTemplate":"https:\/\/oasisenergysolutions.com\/?s={search_term_string}"},"query-input":{"@type":"PropertyValueSpecification","valueRequired":true,"valueName":"search_term_string"}}],"inLanguage":"es"},{"@type":"Organization","@id":"https:\/\/oasisenergysolutions.com\/#organization","name":"Oasis Energy Solutions","url":"https:\/\/oasisenergysolutions.com\/","logo":{"@type":"ImageObject","inLanguage":"es","@id":"https:\/\/oasisenergysolutions.com\/#\/schema\/logo\/image\/","url":"https:\/\/oasisenergysolutions.com\/wp-content\/uploads\/2018\/02\/OasisLogo2016-1.png","contentUrl":"https:\/\/oasisenergysolutions.com\/wp-content\/uploads\/2018\/02\/OasisLogo2016-1.png","width":250,"height":100,"caption":"Oasis Energy Solutions"},"image":{"@id":"https:\/\/oasisenergysolutions.com\/#\/schema\/logo\/image\/"},"sameAs":["https:\/\/www.facebook.com\/OasisEnergySolutions\/","https:\/\/x.com\/Oasis_Alex","https:\/\/www.youtube.com\/channel\/UCwqZsZyseegzhC05twMbDuA\/featured"]}]}},"jetpack_sharing_enabled":true,"zion_builder_status":true,"_links":{"self":[{"href":"https:\/\/oasisenergysolutions.com\/es\/wp-json\/wp\/v2\/pages\/14"}],"collection":[{"href":"https:\/\/oasisenergysolutions.com\/es\/wp-json\/wp\/v2\/pages"}],"about":[{"href":"https:\/\/oasisenergysolutions.com\/es\/wp-json\/wp\/v2\/types\/page"}],"author":[{"embeddable":true,"href":"https:\/\/oasisenergysolutions.com\/es\/wp-json\/wp\/v2\/users\/1"}],"replies":[{"embeddable":true,"href":"https:\/\/oasisenergysolutions.com\/es\/wp-json\/wp\/v2\/comments?post=14"}],"version-history":[{"count":5,"href":"https:\/\/oasisenergysolutions.com\/es\/wp-json\/wp\/v2\/pages\/14\/revisions"}],"predecessor-version":[{"id":27279,"href":"https:\/\/oasisenergysolutions.com\/es\/wp-json\/wp\/v2\/pages\/14\/revisions\/27279"}],"wp:attachment":[{"href":"https:\/\/oasisenergysolutions.com\/es\/wp-json\/wp\/v2\/media?parent=14"}],"curies":[{"name":"wp","href":"https:\/\/api.w.org\/{rel}","templated":true}]}}